{"id":273,"date":"2019-03-02T09:15:31","date_gmt":"2019-03-02T09:15:31","guid":{"rendered":"https:\/\/arisnature.com\/?page_id=273"},"modified":"2019-03-02T09:15:32","modified_gmt":"2019-03-02T09:15:32","slug":"about","status":"publish","type":"page","link":"https:\/\/arisnature.com\/da\/about\/","title":{"rendered":"About"},"content":{"rendered":"<div class=\"fusion-fullwidth fullwidth-box nonhundred-percent-fullwidth non-hundred-percent-height-scrolling\"  style='background-color: rgba(255,255,255,0);background-position: left top;background-repeat: no-repeat;padding-top:20px;padding-right:0px;padding-bottom:20px;padding-left:0px;border-top-width:0px;border-bottom-width:0px;border-color:#eae9e9;border-top-style:solid;border-bottom-style:solid;'><div class=\"fusion-builder-row fusion-row \"><div  class=\"fusion-layout-column fusion_builder_column fusion_builder_column_1_2  fusion-one-half fusion-column-first 1_2\"  style='margin-top:0px;margin-bottom:20px;width:48%; margin-right: 4%;'>\n\t\t\t\t\t<div class=\"fusion-column-wrapper\" style=\"padding: 0px 0px 0px 0px;background-position:left top;background-repeat:no-repeat;-webkit-background-size:cover;-moz-background-size:cover;-o-background-size:cover;background-size:cover;\"  data-bg-url=\"\">\n\t\t\t\t\t\t<div class=\"fusion-text\"><h1>Om Aris Nature<\/h1>\n<p>Aris Nature kom til verden sammen med ideen om, at kombinere forldelene ved naturlige ingredienser fra Nordatlanten med naturlige ingredienser fra Middelhavet.<\/p>\n<p>Produkterne er udviklet med simple og n\u00f8je udvalgte naturlige ingredienser, hvis fokus ligger i at skabe gode resultater.<\/p>\n<p>Produkterne er certificerede af ECOCERT og str\u00e6ber efter at have s\u00e5 mange ingredienser som muligt med naturlig og \u00f8kologisk oprindelse; det siger sig derfor selv, at ingen af produkterne er testet p\u00e5 dyr.<\/p>\n<p>Min rejse med Aris Nature startede med h\u00e5rprukter (Balancing Herbal Shampoo &amp; Balsam) men hudprodukter er netop igang med at blive udviklet.<\/p>\n<p>H\u00e5bet er, at overf\u00f8re den passion jeg har lagt i de mange \u00e5rs udvikling &#8211; til unikke naturlige produkter.<\/p>\n<h1>Om Arianna\u2026<\/h1>\n<p>Jeg er f\u00f8dt og opvokset i Firenze, Italien, men har i mange \u00e5r boet i Danmark med hyppige ture til det nordlige atlanterhav (F\u00e6r\u00f8erne).<\/p>\n<p>Jeg har en Master i Medicinsk Kemi (Apotek) og har taget flere forskellige kurser i kosmetisk kemi og naturlig kosmetisk udvikling.<\/p>\n<p>Jeg startede med at arbejde p\u00e5 min dr\u00f8m for flere \u00e5r siden og har gradvist udviklet mit f\u00f8rste produkt og h\u00e5ber at kunne udvikle mange flere.<\/p>\n<p>Har du sp\u00f8rgsm\u00e5l eller er i tvivl om noget, s\u00e5 er du meget velkommen til at kontakte mig og jeg vil svare personligt.<\/p>\n<p>K\u00e6rlig Hilsen<\/p>\n<p><strong>Ari<\/strong><\/p>\n<\/div><div class=\"fusion-clearfix\"><\/div>\n\n\t\t\t\t\t<\/div>\n\t\t\t\t<\/div><div  class=\"fusion-layout-column fusion_builder_column fusion_builder_column_1_2  fusion-one-half fusion-column-last 1_2\"  style='margin-top:0px;margin-bottom:20px;width:48%'>\n\t\t\t\t\t<div class=\"fusion-column-wrapper\" style=\"padding: 0px 0px 0px 0px;background-position:left top;background-repeat:no-repeat;-webkit-background-size:cover;-moz-background-size:cover;-o-background-size:cover;background-size:cover;\"  data-bg-url=\"\">\n\t\t\t\t\t\t<span class=\"fusion-imageframe imageframe-none imageframe-1 hover-type-none\"><img loading=\"lazy\" src=\"https:\/\/arisnature.com\/wp-content\/uploads\/2016\/01\/IMG_1421.jpg\" width=\"526\" height=\"789\" alt=\"\" title=\"IMG_1421\" class=\"img-responsive wp-image-15\" srcset=\"https:\/\/arisnature.com\/wp-content\/uploads\/2016\/01\/IMG_1421-200x300.jpg 200w, https:\/\/arisnature.com\/wp-content\/uploads\/2016\/01\/IMG_1421.jpg 526w\" sizes=\"(max-width: 800px) 100vw, 526px\" \/><\/span><div class=\"fusion-clearfix\"><\/div>\n\n\t\t\t\t\t<\/div>\n\t\t\t\t<\/div><\/div><\/div>\n","protected":false},"excerpt":{"rendered":"","protected":false},"author":2,"featured_media":0,"parent":0,"menu_order":0,"comment_status":"closed","ping_status":"closed","template":"","meta":[],"yoast_head":"<!-- This site is optimized with the Yoast SEO plugin v17.6 - https:\/\/yoast.com\/wordpress\/plugins\/seo\/ -->\n<title>About - Aris Nature<\/title>\n<meta name=\"robots\" content=\"index, follow, max-snippet:-1, max-image-preview:large, max-video-preview:-1\" \/>\n<link rel=\"canonical\" href=\"https:\/\/arisnature.com\/da\/about\/\" \/>\n<meta property=\"og:locale\" content=\"da_DK\" \/>\n<meta property=\"og:type\" content=\"article\" \/>\n<meta property=\"og:title\" content=\"About - Aris Nature\" \/>\n<meta property=\"og:url\" content=\"https:\/\/arisnature.com\/da\/about\/\" \/>\n<meta property=\"og:site_name\" content=\"Aris Nature\" \/>\n<meta property=\"article:modified_time\" content=\"2019-03-02T09:15:32+00:00\" \/>\n<meta property=\"og:image\" content=\"https:\/\/arisnature.com\/wp-content\/uploads\/2016\/01\/IMG_1421.jpg\" \/>\n<meta name=\"twitter:card\" content=\"summary_large_image\" \/>\n<meta name=\"twitter:label1\" content=\"Estimeret l\u00e6setid\" \/>\n\t<meta name=\"twitter:data1\" content=\"3 minutter\" \/>\n<script type=\"application\/ld+json\" class=\"yoast-schema-graph\">{\"@context\":\"https:\/\/schema.org\",\"@graph\":[{\"@type\":\"WebSite\",\"@id\":\"https:\/\/arisnature.com\/#website\",\"url\":\"https:\/\/arisnature.com\/\",\"name\":\"Aris Nature\",\"description\":\"Simple. Natural. Organic\",\"potentialAction\":[{\"@type\":\"SearchAction\",\"target\":{\"@type\":\"EntryPoint\",\"urlTemplate\":\"https:\/\/arisnature.com\/?s={search_term_string}\"},\"query-input\":\"required name=search_term_string\"}],\"inLanguage\":\"da-DK\"},{\"@type\":\"ImageObject\",\"@id\":\"https:\/\/arisnature.com\/da\/about\/#primaryimage\",\"inLanguage\":\"da-DK\",\"url\":\"https:\/\/arisnature.com\/wp-content\/uploads\/2016\/01\/IMG_1421.jpg\",\"contentUrl\":\"https:\/\/arisnature.com\/wp-content\/uploads\/2016\/01\/IMG_1421.jpg\",\"width\":526,\"height\":789},{\"@type\":\"WebPage\",\"@id\":\"https:\/\/arisnature.com\/da\/about\/#webpage\",\"url\":\"https:\/\/arisnature.com\/da\/about\/\",\"name\":\"About - Aris Nature\",\"isPartOf\":{\"@id\":\"https:\/\/arisnature.com\/#website\"},\"primaryImageOfPage\":{\"@id\":\"https:\/\/arisnature.com\/da\/about\/#primaryimage\"},\"datePublished\":\"2019-03-02T09:15:31+00:00\",\"dateModified\":\"2019-03-02T09:15:32+00:00\",\"breadcrumb\":{\"@id\":\"https:\/\/arisnature.com\/da\/about\/#breadcrumb\"},\"inLanguage\":\"da-DK\",\"potentialAction\":[{\"@type\":\"ReadAction\",\"target\":[\"https:\/\/arisnature.com\/da\/about\/\"]}]},{\"@type\":\"BreadcrumbList\",\"@id\":\"https:\/\/arisnature.com\/da\/about\/#breadcrumb\",\"itemListElement\":[{\"@type\":\"ListItem\",\"position\":1,\"name\":\"Home\",\"item\":\"https:\/\/arisnature.com\/da\/\"},{\"@type\":\"ListItem\",\"position\":2,\"name\":\"About\"}]}]}<\/script>\n<!-- \/ Yoast SEO plugin. -->","yoast_head_json":{"title":"About - Aris Nature","robots":{"index":"index","follow":"follow","max-snippet":"max-snippet:-1","max-image-preview":"max-image-preview:large","max-video-preview":"max-video-preview:-1"},"canonical":"https:\/\/arisnature.com\/da\/about\/","og_locale":"da_DK","og_type":"article","og_title":"About - Aris Nature","og_url":"https:\/\/arisnature.com\/da\/about\/","og_site_name":"Aris Nature","article_modified_time":"2019-03-02T09:15:32+00:00","og_image":[{"url":"https:\/\/arisnature.com\/wp-content\/uploads\/2016\/01\/IMG_1421.jpg"}],"twitter_card":"summary_large_image","twitter_misc":{"Estimeret l\u00e6setid":"3 minutter"},"schema":{"@context":"https:\/\/schema.org","@graph":[{"@type":"WebSite","@id":"https:\/\/arisnature.com\/#website","url":"https:\/\/arisnature.com\/","name":"Aris Nature","description":"Simple. Natural. Organic","potentialAction":[{"@type":"SearchAction","target":{"@type":"EntryPoint","urlTemplate":"https:\/\/arisnature.com\/?s={search_term_string}"},"query-input":"required name=search_term_string"}],"inLanguage":"da-DK"},{"@type":"ImageObject","@id":"https:\/\/arisnature.com\/da\/about\/#primaryimage","inLanguage":"da-DK","url":"https:\/\/arisnature.com\/wp-content\/uploads\/2016\/01\/IMG_1421.jpg","contentUrl":"https:\/\/arisnature.com\/wp-content\/uploads\/2016\/01\/IMG_1421.jpg","width":526,"height":789},{"@type":"WebPage","@id":"https:\/\/arisnature.com\/da\/about\/#webpage","url":"https:\/\/arisnature.com\/da\/about\/","name":"About - Aris Nature","isPartOf":{"@id":"https:\/\/arisnature.com\/#website"},"primaryImageOfPage":{"@id":"https:\/\/arisnature.com\/da\/about\/#primaryimage"},"datePublished":"2019-03-02T09:15:31+00:00","dateModified":"2019-03-02T09:15:32+00:00","breadcrumb":{"@id":"https:\/\/arisnature.com\/da\/about\/#breadcrumb"},"inLanguage":"da-DK","potentialAction":[{"@type":"ReadAction","target":["https:\/\/arisnature.com\/da\/about\/"]}]},{"@type":"BreadcrumbList","@id":"https:\/\/arisnature.com\/da\/about\/#breadcrumb","itemListElement":[{"@type":"ListItem","position":1,"name":"Home","item":"https:\/\/arisnature.com\/da\/"},{"@type":"ListItem","position":2,"name":"About"}]}]}},"_links":{"self":[{"href":"https:\/\/arisnature.com\/da\/wp-json\/wp\/v2\/pages\/273\/"}],"collection":[{"href":"https:\/\/arisnature.com\/da\/wp-json\/wp\/v2\/pages\/"}],"about":[{"href":"https:\/\/arisnature.com\/da\/wp-json\/wp\/v2\/types\/page\/"}],"author":[{"embeddable":true,"href":"https:\/\/arisnature.com\/da\/wp-json\/wp\/v2\/users\/2\/"}],"replies":[{"embeddable":true,"href":"https:\/\/arisnature.com\/da\/wp-json\/wp\/v2\/comments\/?post=273"}],"version-history":[{"count":3,"href":"https:\/\/arisnature.com\/da\/wp-json\/wp\/v2\/pages\/273\/revisions\/"}],"predecessor-version":[{"id":278,"href":"https:\/\/arisnature.com\/da\/wp-json\/wp\/v2\/pages\/273\/revisions\/278\/"}],"wp:attachment":[{"href":"https:\/\/arisnature.com\/da\/wp-json\/wp\/v2\/media\/?parent=273"}],"curies":[{"name":"wp","href":"https:\/\/api.w.org\/{rel}","templated":true}]}}