{"id":300,"date":"2017-02-27T10:50:16","date_gmt":"2017-02-27T10:50:16","guid":{"rendered":"https:\/\/arisnature.com\/product\/herbal-shampoo\/"},"modified":"2021-11-19T09:32:41","modified_gmt":"2021-11-19T09:32:41","slug":"herbal-shampoo","status":"publish","type":"product","link":"https:\/\/arisnature.com\/da\/vare\/herbal-shampoo\/","title":{"rendered":"ARIS NATURE BALANCING HERBAL SHAMPOO"},"content":{"rendered":"<p>Ingredienser : Aqua, Thymus vulgaris leaf water*, Coco-glucoside, Microcrystalline cellulose, Cocamidopropyl betaine, Benzyl alcohol, Glycerin, Xanthan gum, Sodium chloride, Caprylyl\/capryl glucoside, Rosmarinus officinalis leaf oil, Salicylic acid, Achillea millefolium flower extract*, Angelica archangelica root extract*, Juniperus communis fruit extract*, Sorbic acid, Dehydroacetic acid, Potassium sorbate, Citric acid, Sodium benzoate.<br \/>\n* <span data-sheets-value=\"{&quot;1&quot;:2,&quot;2&quot;:&quot;* ingredienser fra \u00f8kologisk farm&quot;}\" data-sheets-userformat=\"{&quot;2&quot;:513,&quot;3&quot;:{&quot;1&quot;:0},&quot;12&quot;:0}\">ingredienser fra \u00f8kologisk farm<\/span><br \/>\n98,937% af ingredienserne er af naturlig oprindelse<br \/>\n10,934% af ingredienserne er fra \u00f8kologisk landbrug (vand og mineraler er ikke inkluderet)<br \/>\nNatural and Organic Cosmetic certified by Ecocert Greenlife according to Ecocert Standard available at http:\/\/cosmetics.ecocert.com<\/p>\n","protected":false},"excerpt":{"rendered":"<ul>\n<li>Til alle h\u00e5rtyper<\/li>\n<li>Efterlader h\u00e5r og hovedbund med en ren og n\u00e6rende f\u00f8lelse<\/li>\n<li>Fremmer afslapning med aromaterapeutiske egenskaber<\/li>\n<li>Kan bruges b\u00e5de rent eller fortyndet<\/li>\n<\/ul>\n<p>Med R\u00f8llike, Eneb\u00e6r, Kvan, Timian og Rosmarin.<br \/>\n98% af indholdet er med ingredienser af naturlig oprindelse.<\/p>\n<p>Aris Nature Balancing Herbal Shampoo efterlader h\u00e5ret rent uden at fjerne naturlige olier. R\u00f8llike, Eneb\u00e6r, Kvan og Timan er kendt for deres rensende og rebalancerende egenskaber. Timian og Rosmarin fremmer afslapning med deres aromaterapeutiske egenskaber.<\/p>\n<p>BRUG: Mass\u00e9r i v\u00e5dt h\u00e5r, skyl grundigt og f\u00f8lg op med Balancing Herbal Conditioner. Hvis du har brug for en dyb rensning, skal du f\u00f8rst skylle h\u00e5ret grundigt og foretage endnu en vask. Her bruges kun en lille del shampoo, p\u00e5 st\u00f8rrelse med en \u00e6rt.<\/p>\n","protected":false},"featured_media":620,"comment_status":"closed","ping_status":"closed","template":"","meta":[],"product_cat":[50],"product_tag":[],"yoast_head":"<!-- This site is optimized with the Yoast SEO plugin v17.6 - https:\/\/yoast.com\/wordpress\/plugins\/seo\/ -->\n<title>ARIS NATURE BALANCING HERBAL SHAMPOO - Aris Nature<\/title>\n<meta name=\"robots\" content=\"index, follow, max-snippet:-1, max-image-preview:large, max-video-preview:-1\" \/>\n<link rel=\"canonical\" href=\"https:\/\/arisnature.com\/da\/vare\/herbal-shampoo\/\" \/>\n<meta property=\"og:locale\" content=\"da_DK\" \/>\n<meta property=\"og:type\" content=\"article\" \/>\n<meta property=\"og:title\" content=\"ARIS NATURE BALANCING HERBAL SHAMPOO - Aris Nature\" \/>\n<meta property=\"og:description\" content=\"Til alle h\u00e5rtyper  Efterlader h\u00e5r og hovedbund med en ren og n\u00e6rende f\u00f8lelse  Fremmer afslapning med aromaterapeutiske egenskaber  Kan bruges b\u00e5de rent eller fortyndet  Med R\u00f8llike, Eneb\u00e6r, Kvan, Timian og Rosmarin. 98% af indholdet er med ingredienser af naturlig oprindelse.  Aris Nature Balancing Herbal Shampoo efterlader h\u00e5ret rent uden at fjerne naturlige olier. R\u00f8llike, Eneb\u00e6r, Kvan og Timan er kendt for deres rensende og rebalancerende egenskaber. Timian og Rosmarin fremmer afslapning med deres aromaterapeutiske egenskaber.  BRUG: Mass\u00e9r i v\u00e5dt h\u00e5r, skyl grundigt og f\u00f8lg op med Balancing Herbal Conditioner. Hvis du har brug for en dyb rensning, skal du f\u00f8rst skylle h\u00e5ret grundigt og foretage endnu en vask. Her bruges kun en lille del shampoo, p\u00e5 st\u00f8rrelse med en \u00e6rt.\" \/>\n<meta property=\"og:url\" content=\"https:\/\/arisnature.com\/da\/vare\/herbal-shampoo\/\" \/>\n<meta property=\"og:site_name\" content=\"Aris Nature\" \/>\n<meta property=\"article:modified_time\" content=\"2021-11-19T09:32:41+00:00\" \/>\n<meta property=\"og:image\" content=\"https:\/\/arisnature.com\/wp-content\/uploads\/2017\/02\/Shampoo-150-ml_fronte.jpg\" \/>\n\t<meta property=\"og:image:width\" content=\"1879\" \/>\n\t<meta property=\"og:image:height\" content=\"1879\" \/>\n<meta name=\"twitter:card\" content=\"summary_large_image\" \/>\n<script type=\"application\/ld+json\" class=\"yoast-schema-graph\">{\"@context\":\"https:\/\/schema.org\",\"@graph\":[{\"@type\":\"WebSite\",\"@id\":\"https:\/\/arisnature.com\/#website\",\"url\":\"https:\/\/arisnature.com\/\",\"name\":\"Aris Nature\",\"description\":\"Simple. Natural. Organic\",\"potentialAction\":[{\"@type\":\"SearchAction\",\"target\":{\"@type\":\"EntryPoint\",\"urlTemplate\":\"https:\/\/arisnature.com\/?s={search_term_string}\"},\"query-input\":\"required name=search_term_string\"}],\"inLanguage\":\"da-DK\"},{\"@type\":\"ImageObject\",\"@id\":\"https:\/\/arisnature.com\/da\/vare\/herbal-shampoo\/#primaryimage\",\"inLanguage\":\"da-DK\",\"url\":\"https:\/\/arisnature.com\/wp-content\/uploads\/2017\/02\/Shampoo-150-ml_fronte.jpg\",\"contentUrl\":\"https:\/\/arisnature.com\/wp-content\/uploads\/2017\/02\/Shampoo-150-ml_fronte.jpg\",\"width\":1879,\"height\":1879},{\"@type\":\"WebPage\",\"@id\":\"https:\/\/arisnature.com\/da\/vare\/herbal-shampoo\/#webpage\",\"url\":\"https:\/\/arisnature.com\/da\/vare\/herbal-shampoo\/\",\"name\":\"ARIS NATURE BALANCING HERBAL SHAMPOO - Aris Nature\",\"isPartOf\":{\"@id\":\"https:\/\/arisnature.com\/#website\"},\"primaryImageOfPage\":{\"@id\":\"https:\/\/arisnature.com\/da\/vare\/herbal-shampoo\/#primaryimage\"},\"datePublished\":\"2017-02-27T10:50:16+00:00\",\"dateModified\":\"2021-11-19T09:32:41+00:00\",\"breadcrumb\":{\"@id\":\"https:\/\/arisnature.com\/da\/vare\/herbal-shampoo\/#breadcrumb\"},\"inLanguage\":\"da-DK\",\"potentialAction\":[{\"@type\":\"ReadAction\",\"target\":[\"https:\/\/arisnature.com\/da\/vare\/herbal-shampoo\/\"]}]},{\"@type\":\"BreadcrumbList\",\"@id\":\"https:\/\/arisnature.com\/da\/vare\/herbal-shampoo\/#breadcrumb\",\"itemListElement\":[{\"@type\":\"ListItem\",\"position\":1,\"name\":\"Home\",\"item\":\"https:\/\/arisnature.com\/da\/\"},{\"@type\":\"ListItem\",\"position\":2,\"name\":\"Shop_do_not_use_this_one\",\"item\":\"https:\/\/arisnature.com\/shop\/\"},{\"@type\":\"ListItem\",\"position\":3,\"name\":\"ARIS NATURE BALANCING HERBAL SHAMPOO\"}]}]}<\/script>\n<!-- \/ Yoast SEO plugin. -->","yoast_head_json":{"title":"ARIS NATURE BALANCING HERBAL SHAMPOO - Aris Nature","robots":{"index":"index","follow":"follow","max-snippet":"max-snippet:-1","max-image-preview":"max-image-preview:large","max-video-preview":"max-video-preview:-1"},"canonical":"https:\/\/arisnature.com\/da\/vare\/herbal-shampoo\/","og_locale":"da_DK","og_type":"article","og_title":"ARIS NATURE BALANCING HERBAL SHAMPOO - Aris Nature","og_description":"Til alle h\u00e5rtyper  Efterlader h\u00e5r og hovedbund med en ren og n\u00e6rende f\u00f8lelse  Fremmer afslapning med aromaterapeutiske egenskaber  Kan bruges b\u00e5de rent eller fortyndet  Med R\u00f8llike, Eneb\u00e6r, Kvan, Timian og Rosmarin. 98% af indholdet er med ingredienser af naturlig oprindelse.  Aris Nature Balancing Herbal Shampoo efterlader h\u00e5ret rent uden at fjerne naturlige olier. R\u00f8llike, Eneb\u00e6r, Kvan og Timan er kendt for deres rensende og rebalancerende egenskaber. Timian og Rosmarin fremmer afslapning med deres aromaterapeutiske egenskaber.  BRUG: Mass\u00e9r i v\u00e5dt h\u00e5r, skyl grundigt og f\u00f8lg op med Balancing Herbal Conditioner. Hvis du har brug for en dyb rensning, skal du f\u00f8rst skylle h\u00e5ret grundigt og foretage endnu en vask. Her bruges kun en lille del shampoo, p\u00e5 st\u00f8rrelse med en \u00e6rt.","og_url":"https:\/\/arisnature.com\/da\/vare\/herbal-shampoo\/","og_site_name":"Aris Nature","article_modified_time":"2021-11-19T09:32:41+00:00","og_image":[{"width":1879,"height":1879,"url":"https:\/\/arisnature.com\/wp-content\/uploads\/2017\/02\/Shampoo-150-ml_fronte.jpg","type":"image\/jpeg"}],"twitter_card":"summary_large_image","schema":{"@context":"https:\/\/schema.org","@graph":[{"@type":"WebSite","@id":"https:\/\/arisnature.com\/#website","url":"https:\/\/arisnature.com\/","name":"Aris Nature","description":"Simple. Natural. Organic","potentialAction":[{"@type":"SearchAction","target":{"@type":"EntryPoint","urlTemplate":"https:\/\/arisnature.com\/?s={search_term_string}"},"query-input":"required name=search_term_string"}],"inLanguage":"da-DK"},{"@type":"ImageObject","@id":"https:\/\/arisnature.com\/da\/vare\/herbal-shampoo\/#primaryimage","inLanguage":"da-DK","url":"https:\/\/arisnature.com\/wp-content\/uploads\/2017\/02\/Shampoo-150-ml_fronte.jpg","contentUrl":"https:\/\/arisnature.com\/wp-content\/uploads\/2017\/02\/Shampoo-150-ml_fronte.jpg","width":1879,"height":1879},{"@type":"WebPage","@id":"https:\/\/arisnature.com\/da\/vare\/herbal-shampoo\/#webpage","url":"https:\/\/arisnature.com\/da\/vare\/herbal-shampoo\/","name":"ARIS NATURE BALANCING HERBAL SHAMPOO - Aris Nature","isPartOf":{"@id":"https:\/\/arisnature.com\/#website"},"primaryImageOfPage":{"@id":"https:\/\/arisnature.com\/da\/vare\/herbal-shampoo\/#primaryimage"},"datePublished":"2017-02-27T10:50:16+00:00","dateModified":"2021-11-19T09:32:41+00:00","breadcrumb":{"@id":"https:\/\/arisnature.com\/da\/vare\/herbal-shampoo\/#breadcrumb"},"inLanguage":"da-DK","potentialAction":[{"@type":"ReadAction","target":["https:\/\/arisnature.com\/da\/vare\/herbal-shampoo\/"]}]},{"@type":"BreadcrumbList","@id":"https:\/\/arisnature.com\/da\/vare\/herbal-shampoo\/#breadcrumb","itemListElement":[{"@type":"ListItem","position":1,"name":"Home","item":"https:\/\/arisnature.com\/da\/"},{"@type":"ListItem","position":2,"name":"Shop_do_not_use_this_one","item":"https:\/\/arisnature.com\/shop\/"},{"@type":"ListItem","position":3,"name":"ARIS NATURE BALANCING HERBAL SHAMPOO"}]}]}},"_links":{"self":[{"href":"https:\/\/arisnature.com\/da\/wp-json\/wp\/v2\/product\/300\/"}],"collection":[{"href":"https:\/\/arisnature.com\/da\/wp-json\/wp\/v2\/product\/"}],"about":[{"href":"https:\/\/arisnature.com\/da\/wp-json\/wp\/v2\/types\/product\/"}],"replies":[{"embeddable":true,"href":"https:\/\/arisnature.com\/da\/wp-json\/wp\/v2\/comments\/?post=300"}],"wp:featuredmedia":[{"embeddable":true,"href":"https:\/\/arisnature.com\/da\/wp-json\/wp\/v2\/media\/620\/"}],"wp:attachment":[{"href":"https:\/\/arisnature.com\/da\/wp-json\/wp\/v2\/media\/?parent=300"}],"wp:term":[{"taxonomy":"product_cat","embeddable":true,"href":"https:\/\/arisnature.com\/da\/wp-json\/wp\/v2\/product_cat\/?post=300"},{"taxonomy":"product_tag","embeddable":true,"href":"https:\/\/arisnature.com\/da\/wp-json\/wp\/v2\/product_tag\/?post=300"}],"curies":[{"name":"wp","href":"https:\/\/api.w.org\/{rel}","templated":true}]}}