{"id":301,"date":"2017-02-27T11:34:16","date_gmt":"2017-02-27T11:34:16","guid":{"rendered":"https:\/\/arisnature.com\/product\/aris-nature-balancing-herbal-conditioner\/"},"modified":"2021-11-19T09:32:21","modified_gmt":"2021-11-19T09:32:21","slug":"aris-nature-balancing-herbal-conditioner","status":"publish","type":"product","link":"https:\/\/arisnature.com\/da\/vare\/aris-nature-balancing-herbal-conditioner\/","title":{"rendered":"ARIS NATURE BALANCING HERBAL CONDITIONER"},"content":{"rendered":"<p>Ingredienser : Aqua, Glycerin, Butyrospermum parkii butter*, Cetearyl olivate, Cetearyl alcohol, Sorbitan olivate, Lauryl laurate, Benzyl alcohol, Rosmarinus officinalis leaf oil, Thymus vulgaris leaf water*, Salicylic acid, Sodium hydroxide, Sorbic acid, Achillea millefolium flower extract*, Angelica archangelica root extract*, Juniperus communis fruit extract*, Potassium sorbate, Citric acid, Sodium benzoate, Dehydroacetic acid, Limonene, Linalool.<br \/>\n* ingredienser fra \u00f8kologisk farm<br \/>\n98,995% af ingredienserne er af naturlig oprindelse<br \/>\n10,795% af ingredienserne er fra \u00f8kologisk landbrug (vand og mineraler er ikke inkluderet)<\/p>\n<p>Natural and Organic Cosmetic certified by Ecocert Greenlife according to Ecocert Standard available at http:\/\/cosmetics.ecocert.com<\/p>\n<p>&nbsp;<\/p>\n","protected":false},"excerpt":{"rendered":"<ul>\n<li>Efterlader h\u00e5ret n\u00e6ret, men ikke fedtet<\/li>\n<li>Let og god for alle h\u00e5rtyper<\/li>\n<li>Kan bruges b\u00e5de rent og fortyndet<\/li>\n<li>Kan bruges som en pr\u00e6-shampoo behandling<\/li>\n<\/ul>\n<p>Med R\u00f8llike, Eneb\u00e6r, Kvan, Timian og Rosmarin.<br \/>\n98% af indholdet er med ingredienser af naturlig oprindelse.<\/p>\n<p>Aris Nature Balancing Herbal Conditioner efterlader h\u00e5ret bl\u00f8dt uden af t\u00f8nge det ned. R\u00f8llike, Eneb\u00e6r, Kvan og Timian er kendt for deres rensende og rebalancerende egenskaber. Timian og Rosmarin fremmer afslapning med deres aromaterapeutiske egenskaber.<\/p>\n<p>BRUG: Efter vask med Balancing Herbal Shampoo p\u00e5f\u00f8res en lille del conditioner i v\u00e5dt h\u00e5r. Mass\u00e9r i 1-2 minutter og skyl efter med vand. Balancing Herbal Conditioner kan ogs\u00e5 bruges som en pr\u00e6-shampoo behandling ved at bruge produktet i t\u00f8rt h\u00e5r og lade det sidde i 30-90 minutter, f\u00f8r du forts\u00e6tter din normale h\u00e5rpleje routine.<\/p>\n<p>&nbsp;<\/p>\n","protected":false},"featured_media":614,"comment_status":"open","ping_status":"closed","template":"","meta":[],"product_cat":[50],"product_tag":[],"yoast_head":"<!-- This site is optimized with the Yoast SEO plugin v17.6 - https:\/\/yoast.com\/wordpress\/plugins\/seo\/ -->\n<title>ARIS NATURE BALANCING HERBAL CONDITIONER - Aris Nature<\/title>\n<meta name=\"robots\" content=\"index, follow, max-snippet:-1, max-image-preview:large, max-video-preview:-1\" \/>\n<link rel=\"canonical\" href=\"https:\/\/arisnature.com\/da\/vare\/aris-nature-balancing-herbal-conditioner\/\" \/>\n<meta property=\"og:locale\" content=\"da_DK\" \/>\n<meta property=\"og:type\" content=\"article\" \/>\n<meta property=\"og:title\" content=\"ARIS NATURE BALANCING HERBAL CONDITIONER - Aris Nature\" \/>\n<meta property=\"og:description\" content=\"Efterlader h\u00e5ret n\u00e6ret, men ikke fedtet  Let og god for alle h\u00e5rtyper  Kan bruges b\u00e5de rent og fortyndet  Kan bruges som en pr\u00e6-shampoo behandling  Med R\u00f8llike, Eneb\u00e6r, Kvan, Timian og Rosmarin. 98% af indholdet er med ingredienser af naturlig oprindelse.  Aris Nature Balancing Herbal Conditioner efterlader h\u00e5ret bl\u00f8dt uden af t\u00f8nge det ned. R\u00f8llike, Eneb\u00e6r, Kvan og Timian er kendt for deres rensende og rebalancerende egenskaber. Timian og Rosmarin fremmer afslapning med deres aromaterapeutiske egenskaber.  BRUG: Efter vask med Balancing Herbal Shampoo p\u00e5f\u00f8res en lille del conditioner i v\u00e5dt h\u00e5r. Mass\u00e9r i 1-2 minutter og skyl efter med vand. Balancing Herbal Conditioner kan ogs\u00e5 bruges som en pr\u00e6-shampoo behandling ved at bruge produktet i t\u00f8rt h\u00e5r og lade det sidde i 30-90 minutter, f\u00f8r du forts\u00e6tter din normale h\u00e5rpleje routine.  &nbsp;\" \/>\n<meta property=\"og:url\" content=\"https:\/\/arisnature.com\/da\/vare\/aris-nature-balancing-herbal-conditioner\/\" \/>\n<meta property=\"og:site_name\" content=\"Aris Nature\" \/>\n<meta property=\"article:modified_time\" content=\"2021-11-19T09:32:21+00:00\" \/>\n<meta property=\"og:image\" content=\"https:\/\/arisnature.com\/wp-content\/uploads\/2017\/02\/Conditioner-150-ml_fronte.jpg\" \/>\n\t<meta property=\"og:image:width\" content=\"1699\" \/>\n\t<meta property=\"og:image:height\" content=\"1699\" \/>\n<meta name=\"twitter:card\" content=\"summary_large_image\" \/>\n<script type=\"application\/ld+json\" class=\"yoast-schema-graph\">{\"@context\":\"https:\/\/schema.org\",\"@graph\":[{\"@type\":\"WebSite\",\"@id\":\"https:\/\/arisnature.com\/#website\",\"url\":\"https:\/\/arisnature.com\/\",\"name\":\"Aris Nature\",\"description\":\"Simple. Natural. Organic\",\"potentialAction\":[{\"@type\":\"SearchAction\",\"target\":{\"@type\":\"EntryPoint\",\"urlTemplate\":\"https:\/\/arisnature.com\/?s={search_term_string}\"},\"query-input\":\"required name=search_term_string\"}],\"inLanguage\":\"da-DK\"},{\"@type\":\"ImageObject\",\"@id\":\"https:\/\/arisnature.com\/da\/vare\/aris-nature-balancing-herbal-conditioner\/#primaryimage\",\"inLanguage\":\"da-DK\",\"url\":\"https:\/\/arisnature.com\/wp-content\/uploads\/2017\/02\/Conditioner-150-ml_fronte.jpg\",\"contentUrl\":\"https:\/\/arisnature.com\/wp-content\/uploads\/2017\/02\/Conditioner-150-ml_fronte.jpg\",\"width\":1699,\"height\":1699},{\"@type\":\"WebPage\",\"@id\":\"https:\/\/arisnature.com\/da\/vare\/aris-nature-balancing-herbal-conditioner\/#webpage\",\"url\":\"https:\/\/arisnature.com\/da\/vare\/aris-nature-balancing-herbal-conditioner\/\",\"name\":\"ARIS NATURE BALANCING HERBAL CONDITIONER - Aris Nature\",\"isPartOf\":{\"@id\":\"https:\/\/arisnature.com\/#website\"},\"primaryImageOfPage\":{\"@id\":\"https:\/\/arisnature.com\/da\/vare\/aris-nature-balancing-herbal-conditioner\/#primaryimage\"},\"datePublished\":\"2017-02-27T11:34:16+00:00\",\"dateModified\":\"2021-11-19T09:32:21+00:00\",\"breadcrumb\":{\"@id\":\"https:\/\/arisnature.com\/da\/vare\/aris-nature-balancing-herbal-conditioner\/#breadcrumb\"},\"inLanguage\":\"da-DK\",\"potentialAction\":[{\"@type\":\"ReadAction\",\"target\":[\"https:\/\/arisnature.com\/da\/vare\/aris-nature-balancing-herbal-conditioner\/\"]}]},{\"@type\":\"BreadcrumbList\",\"@id\":\"https:\/\/arisnature.com\/da\/vare\/aris-nature-balancing-herbal-conditioner\/#breadcrumb\",\"itemListElement\":[{\"@type\":\"ListItem\",\"position\":1,\"name\":\"Home\",\"item\":\"https:\/\/arisnature.com\/da\/\"},{\"@type\":\"ListItem\",\"position\":2,\"name\":\"Shop_do_not_use_this_one\",\"item\":\"https:\/\/arisnature.com\/shop\/\"},{\"@type\":\"ListItem\",\"position\":3,\"name\":\"ARIS NATURE BALANCING HERBAL CONDITIONER\"}]}]}<\/script>\n<!-- \/ Yoast SEO plugin. -->","yoast_head_json":{"title":"ARIS NATURE BALANCING HERBAL CONDITIONER - Aris Nature","robots":{"index":"index","follow":"follow","max-snippet":"max-snippet:-1","max-image-preview":"max-image-preview:large","max-video-preview":"max-video-preview:-1"},"canonical":"https:\/\/arisnature.com\/da\/vare\/aris-nature-balancing-herbal-conditioner\/","og_locale":"da_DK","og_type":"article","og_title":"ARIS NATURE BALANCING HERBAL CONDITIONER - Aris Nature","og_description":"Efterlader h\u00e5ret n\u00e6ret, men ikke fedtet  Let og god for alle h\u00e5rtyper  Kan bruges b\u00e5de rent og fortyndet  Kan bruges som en pr\u00e6-shampoo behandling  Med R\u00f8llike, Eneb\u00e6r, Kvan, Timian og Rosmarin. 98% af indholdet er med ingredienser af naturlig oprindelse.  Aris Nature Balancing Herbal Conditioner efterlader h\u00e5ret bl\u00f8dt uden af t\u00f8nge det ned. R\u00f8llike, Eneb\u00e6r, Kvan og Timian er kendt for deres rensende og rebalancerende egenskaber. Timian og Rosmarin fremmer afslapning med deres aromaterapeutiske egenskaber.  BRUG: Efter vask med Balancing Herbal Shampoo p\u00e5f\u00f8res en lille del conditioner i v\u00e5dt h\u00e5r. Mass\u00e9r i 1-2 minutter og skyl efter med vand. Balancing Herbal Conditioner kan ogs\u00e5 bruges som en pr\u00e6-shampoo behandling ved at bruge produktet i t\u00f8rt h\u00e5r og lade det sidde i 30-90 minutter, f\u00f8r du forts\u00e6tter din normale h\u00e5rpleje routine.  &nbsp;","og_url":"https:\/\/arisnature.com\/da\/vare\/aris-nature-balancing-herbal-conditioner\/","og_site_name":"Aris Nature","article_modified_time":"2021-11-19T09:32:21+00:00","og_image":[{"width":1699,"height":1699,"url":"https:\/\/arisnature.com\/wp-content\/uploads\/2017\/02\/Conditioner-150-ml_fronte.jpg","type":"image\/jpeg"}],"twitter_card":"summary_large_image","schema":{"@context":"https:\/\/schema.org","@graph":[{"@type":"WebSite","@id":"https:\/\/arisnature.com\/#website","url":"https:\/\/arisnature.com\/","name":"Aris Nature","description":"Simple. Natural. Organic","potentialAction":[{"@type":"SearchAction","target":{"@type":"EntryPoint","urlTemplate":"https:\/\/arisnature.com\/?s={search_term_string}"},"query-input":"required name=search_term_string"}],"inLanguage":"da-DK"},{"@type":"ImageObject","@id":"https:\/\/arisnature.com\/da\/vare\/aris-nature-balancing-herbal-conditioner\/#primaryimage","inLanguage":"da-DK","url":"https:\/\/arisnature.com\/wp-content\/uploads\/2017\/02\/Conditioner-150-ml_fronte.jpg","contentUrl":"https:\/\/arisnature.com\/wp-content\/uploads\/2017\/02\/Conditioner-150-ml_fronte.jpg","width":1699,"height":1699},{"@type":"WebPage","@id":"https:\/\/arisnature.com\/da\/vare\/aris-nature-balancing-herbal-conditioner\/#webpage","url":"https:\/\/arisnature.com\/da\/vare\/aris-nature-balancing-herbal-conditioner\/","name":"ARIS NATURE BALANCING HERBAL CONDITIONER - Aris Nature","isPartOf":{"@id":"https:\/\/arisnature.com\/#website"},"primaryImageOfPage":{"@id":"https:\/\/arisnature.com\/da\/vare\/aris-nature-balancing-herbal-conditioner\/#primaryimage"},"datePublished":"2017-02-27T11:34:16+00:00","dateModified":"2021-11-19T09:32:21+00:00","breadcrumb":{"@id":"https:\/\/arisnature.com\/da\/vare\/aris-nature-balancing-herbal-conditioner\/#breadcrumb"},"inLanguage":"da-DK","potentialAction":[{"@type":"ReadAction","target":["https:\/\/arisnature.com\/da\/vare\/aris-nature-balancing-herbal-conditioner\/"]}]},{"@type":"BreadcrumbList","@id":"https:\/\/arisnature.com\/da\/vare\/aris-nature-balancing-herbal-conditioner\/#breadcrumb","itemListElement":[{"@type":"ListItem","position":1,"name":"Home","item":"https:\/\/arisnature.com\/da\/"},{"@type":"ListItem","position":2,"name":"Shop_do_not_use_this_one","item":"https:\/\/arisnature.com\/shop\/"},{"@type":"ListItem","position":3,"name":"ARIS NATURE BALANCING HERBAL CONDITIONER"}]}]}},"_links":{"self":[{"href":"https:\/\/arisnature.com\/da\/wp-json\/wp\/v2\/product\/301\/"}],"collection":[{"href":"https:\/\/arisnature.com\/da\/wp-json\/wp\/v2\/product\/"}],"about":[{"href":"https:\/\/arisnature.com\/da\/wp-json\/wp\/v2\/types\/product\/"}],"replies":[{"embeddable":true,"href":"https:\/\/arisnature.com\/da\/wp-json\/wp\/v2\/comments\/?post=301"}],"wp:featuredmedia":[{"embeddable":true,"href":"https:\/\/arisnature.com\/da\/wp-json\/wp\/v2\/media\/614\/"}],"wp:attachment":[{"href":"https:\/\/arisnature.com\/da\/wp-json\/wp\/v2\/media\/?parent=301"}],"wp:term":[{"taxonomy":"product_cat","embeddable":true,"href":"https:\/\/arisnature.com\/da\/wp-json\/wp\/v2\/product_cat\/?post=301"},{"taxonomy":"product_tag","embeddable":true,"href":"https:\/\/arisnature.com\/da\/wp-json\/wp\/v2\/product_tag\/?post=301"}],"curies":[{"name":"wp","href":"https:\/\/api.w.org\/{rel}","templated":true}]}}