{"id":220,"date":"2017-02-27T10:50:16","date_gmt":"2017-02-27T10:50:16","guid":{"rendered":"https:\/\/arisnature.com\/product\/herbal-shampoo\/"},"modified":"2021-11-19T09:32:41","modified_gmt":"2021-11-19T09:32:41","slug":"herbal-shampoo","status":"publish","type":"product","link":"https:\/\/arisnature.com\/it\/prodotto\/herbal-shampoo\/","title":{"rendered":"ARIS NATURE BALANCING HERBAL SHAMPOO"},"content":{"rendered":"<p>Ingredienti : Aqua, Thymus vulgaris leaf water*, Coco-glucoside, Microcrystalline cellulose, Cocamidopropyl betaine, Benzyl alcohol, Glycerin, Xanthan gum, Sodium chloride, Caprylyl\/capryl glucoside, Rosmarinus officinalis leaf oil, Salicylic acid, Achillea millefolium flower extract*, Angelica archangelica root extract*, Juniperus communis fruit extract*, Sorbic acid, Dehydroacetic acid, Potassium sorbate, Citric acid, Sodium benzoate.<br \/>\n* Ingredienti da agricoltura biologica<br \/>\n98,937% degli ingredienti sono di origine naturale<br \/>\n10,934% degli ingredienti sono da agricoltura biologica (acqua e minerali esclusi)<br \/>\nNatural and Organic Cosmetic certified by Ecocert Greenlife according to Ecocert Standard available at http:\/\/cosmetics.ecocert.com<\/p>\n","protected":false},"excerpt":{"rendered":"<ul>\n<li>Per tutti i tipi di capelli<\/li>\n<li>Ideale per problemi di dermatite seborroica, forfora e cuoio capelluto irritato.<\/li>\n<li>Lascia il cuoio capelluto e i capelli puliti ma nutriti<\/li>\n<li>Pu\u00f3 essere usato sia puro che diluito<\/li>\n<\/ul>\n<p>Con Achillea, Ginepro, Angelica, Timo e Rosmarino<br \/>\n98% degli ingredienti di origine naturale<\/p>\n<p>Aris Nature Balancing Herbal Shampoo lascia i capelli naturalmente puliti senza eliminare gli oli naturali. Gli estratti di Achillea, Ginepro, Angelica e Timo sono noti per le loro propriet\u00e0 purificanti e riequilibranti. Gli estratti di Timo e Rosmarino con le loro propriet\u00e0 aromaterapeutiche promuovono un effetto calmante. Efficace ma delicato.<\/p>\n<p>USO: Massaggiare una piccola quantit\u00e0 su capelli bagnati, risciacquare abbondantemente e completare con Balancing Herbal Conditioner. Per un lavaggio pi\u00f9 profondo procedere con un secondo lavaggio dopo il primo con una minima quantit\u00e0 di prodotto.<\/p>\n","protected":false},"featured_media":621,"comment_status":"closed","ping_status":"closed","template":"","meta":[],"product_cat":[46],"product_tag":[],"yoast_head":"<!-- This site is optimized with the Yoast SEO plugin v17.6 - https:\/\/yoast.com\/wordpress\/plugins\/seo\/ -->\n<title>ARIS NATURE BALANCING HERBAL SHAMPOO - Aris Nature<\/title>\n<meta name=\"robots\" content=\"index, follow, max-snippet:-1, max-image-preview:large, max-video-preview:-1\" \/>\n<link rel=\"canonical\" href=\"https:\/\/arisnature.com\/it\/prodotto\/herbal-shampoo\/\" \/>\n<meta property=\"og:locale\" content=\"it_IT\" \/>\n<meta property=\"og:type\" content=\"article\" \/>\n<meta property=\"og:title\" content=\"ARIS NATURE BALANCING HERBAL SHAMPOO - Aris Nature\" \/>\n<meta property=\"og:description\" content=\"Per tutti i tipi di capelli  Ideale per problemi di dermatite seborroica, forfora e cuoio capelluto irritato.  Lascia il cuoio capelluto e i capelli puliti ma nutriti  Pu\u00f3 essere usato sia puro che diluito  Con Achillea, Ginepro, Angelica, Timo e Rosmarino 98% degli ingredienti di origine naturale  Aris Nature Balancing Herbal Shampoo lascia i capelli naturalmente puliti senza eliminare gli oli naturali. Gli estratti di Achillea, Ginepro, Angelica e Timo sono noti per le loro propriet\u00e0 purificanti e riequilibranti. Gli estratti di Timo e Rosmarino con le loro propriet\u00e0 aromaterapeutiche promuovono un effetto calmante. Efficace ma delicato.  USO: Massaggiare una piccola quantit\u00e0 su capelli bagnati, risciacquare abbondantemente e completare con Balancing Herbal Conditioner. Per un lavaggio pi\u00f9 profondo procedere con un secondo lavaggio dopo il primo con una minima quantit\u00e0 di prodotto.\" \/>\n<meta property=\"og:url\" content=\"https:\/\/arisnature.com\/it\/prodotto\/herbal-shampoo\/\" \/>\n<meta property=\"og:site_name\" content=\"Aris Nature\" \/>\n<meta property=\"article:modified_time\" content=\"2021-11-19T09:32:41+00:00\" \/>\n<meta property=\"og:image\" content=\"https:\/\/arisnature.com\/wp-content\/uploads\/2017\/02\/Shampoo-150-ml_fronte.jpg\" \/>\n\t<meta property=\"og:image:width\" content=\"1879\" \/>\n\t<meta property=\"og:image:height\" content=\"1879\" \/>\n<meta name=\"twitter:card\" content=\"summary_large_image\" \/>\n<script type=\"application\/ld+json\" class=\"yoast-schema-graph\">{\"@context\":\"https:\/\/schema.org\",\"@graph\":[{\"@type\":\"WebSite\",\"@id\":\"https:\/\/arisnature.com\/#website\",\"url\":\"https:\/\/arisnature.com\/\",\"name\":\"Aris Nature\",\"description\":\"Simple. Natural. Organic\",\"potentialAction\":[{\"@type\":\"SearchAction\",\"target\":{\"@type\":\"EntryPoint\",\"urlTemplate\":\"https:\/\/arisnature.com\/?s={search_term_string}\"},\"query-input\":\"required name=search_term_string\"}],\"inLanguage\":\"it-IT\"},{\"@type\":\"ImageObject\",\"@id\":\"https:\/\/arisnature.com\/it\/prodotto\/herbal-shampoo\/#primaryimage\",\"inLanguage\":\"it-IT\",\"url\":\"https:\/\/arisnature.com\/wp-content\/uploads\/2017\/02\/Shampoo-150-ml_fronte.jpg\",\"contentUrl\":\"https:\/\/arisnature.com\/wp-content\/uploads\/2017\/02\/Shampoo-150-ml_fronte.jpg\",\"width\":1879,\"height\":1879},{\"@type\":\"WebPage\",\"@id\":\"https:\/\/arisnature.com\/it\/prodotto\/herbal-shampoo\/#webpage\",\"url\":\"https:\/\/arisnature.com\/it\/prodotto\/herbal-shampoo\/\",\"name\":\"ARIS NATURE BALANCING HERBAL SHAMPOO - Aris Nature\",\"isPartOf\":{\"@id\":\"https:\/\/arisnature.com\/#website\"},\"primaryImageOfPage\":{\"@id\":\"https:\/\/arisnature.com\/it\/prodotto\/herbal-shampoo\/#primaryimage\"},\"datePublished\":\"2017-02-27T10:50:16+00:00\",\"dateModified\":\"2021-11-19T09:32:41+00:00\",\"breadcrumb\":{\"@id\":\"https:\/\/arisnature.com\/it\/prodotto\/herbal-shampoo\/#breadcrumb\"},\"inLanguage\":\"it-IT\",\"potentialAction\":[{\"@type\":\"ReadAction\",\"target\":[\"https:\/\/arisnature.com\/it\/prodotto\/herbal-shampoo\/\"]}]},{\"@type\":\"BreadcrumbList\",\"@id\":\"https:\/\/arisnature.com\/it\/prodotto\/herbal-shampoo\/#breadcrumb\",\"itemListElement\":[{\"@type\":\"ListItem\",\"position\":1,\"name\":\"Home\",\"item\":\"https:\/\/arisnature.com\/it\/\"},{\"@type\":\"ListItem\",\"position\":2,\"name\":\"Shop_do_not_use_this_one\",\"item\":\"https:\/\/arisnature.com\/shop\/\"},{\"@type\":\"ListItem\",\"position\":3,\"name\":\"ARIS NATURE BALANCING HERBAL SHAMPOO\"}]}]}<\/script>\n<!-- \/ Yoast SEO plugin. -->","yoast_head_json":{"title":"ARIS NATURE BALANCING HERBAL SHAMPOO - Aris Nature","robots":{"index":"index","follow":"follow","max-snippet":"max-snippet:-1","max-image-preview":"max-image-preview:large","max-video-preview":"max-video-preview:-1"},"canonical":"https:\/\/arisnature.com\/it\/prodotto\/herbal-shampoo\/","og_locale":"it_IT","og_type":"article","og_title":"ARIS NATURE BALANCING HERBAL SHAMPOO - Aris Nature","og_description":"Per tutti i tipi di capelli  Ideale per problemi di dermatite seborroica, forfora e cuoio capelluto irritato.  Lascia il cuoio capelluto e i capelli puliti ma nutriti  Pu\u00f3 essere usato sia puro che diluito  Con Achillea, Ginepro, Angelica, Timo e Rosmarino 98% degli ingredienti di origine naturale  Aris Nature Balancing Herbal Shampoo lascia i capelli naturalmente puliti senza eliminare gli oli naturali. Gli estratti di Achillea, Ginepro, Angelica e Timo sono noti per le loro propriet\u00e0 purificanti e riequilibranti. Gli estratti di Timo e Rosmarino con le loro propriet\u00e0 aromaterapeutiche promuovono un effetto calmante. Efficace ma delicato.  USO: Massaggiare una piccola quantit\u00e0 su capelli bagnati, risciacquare abbondantemente e completare con Balancing Herbal Conditioner. Per un lavaggio pi\u00f9 profondo procedere con un secondo lavaggio dopo il primo con una minima quantit\u00e0 di prodotto.","og_url":"https:\/\/arisnature.com\/it\/prodotto\/herbal-shampoo\/","og_site_name":"Aris Nature","article_modified_time":"2021-11-19T09:32:41+00:00","og_image":[{"width":1879,"height":1879,"url":"https:\/\/arisnature.com\/wp-content\/uploads\/2017\/02\/Shampoo-150-ml_fronte.jpg","type":"image\/jpeg"}],"twitter_card":"summary_large_image","schema":{"@context":"https:\/\/schema.org","@graph":[{"@type":"WebSite","@id":"https:\/\/arisnature.com\/#website","url":"https:\/\/arisnature.com\/","name":"Aris Nature","description":"Simple. Natural. Organic","potentialAction":[{"@type":"SearchAction","target":{"@type":"EntryPoint","urlTemplate":"https:\/\/arisnature.com\/?s={search_term_string}"},"query-input":"required name=search_term_string"}],"inLanguage":"it-IT"},{"@type":"ImageObject","@id":"https:\/\/arisnature.com\/it\/prodotto\/herbal-shampoo\/#primaryimage","inLanguage":"it-IT","url":"https:\/\/arisnature.com\/wp-content\/uploads\/2017\/02\/Shampoo-150-ml_fronte.jpg","contentUrl":"https:\/\/arisnature.com\/wp-content\/uploads\/2017\/02\/Shampoo-150-ml_fronte.jpg","width":1879,"height":1879},{"@type":"WebPage","@id":"https:\/\/arisnature.com\/it\/prodotto\/herbal-shampoo\/#webpage","url":"https:\/\/arisnature.com\/it\/prodotto\/herbal-shampoo\/","name":"ARIS NATURE BALANCING HERBAL SHAMPOO - Aris Nature","isPartOf":{"@id":"https:\/\/arisnature.com\/#website"},"primaryImageOfPage":{"@id":"https:\/\/arisnature.com\/it\/prodotto\/herbal-shampoo\/#primaryimage"},"datePublished":"2017-02-27T10:50:16+00:00","dateModified":"2021-11-19T09:32:41+00:00","breadcrumb":{"@id":"https:\/\/arisnature.com\/it\/prodotto\/herbal-shampoo\/#breadcrumb"},"inLanguage":"it-IT","potentialAction":[{"@type":"ReadAction","target":["https:\/\/arisnature.com\/it\/prodotto\/herbal-shampoo\/"]}]},{"@type":"BreadcrumbList","@id":"https:\/\/arisnature.com\/it\/prodotto\/herbal-shampoo\/#breadcrumb","itemListElement":[{"@type":"ListItem","position":1,"name":"Home","item":"https:\/\/arisnature.com\/it\/"},{"@type":"ListItem","position":2,"name":"Shop_do_not_use_this_one","item":"https:\/\/arisnature.com\/shop\/"},{"@type":"ListItem","position":3,"name":"ARIS NATURE BALANCING HERBAL SHAMPOO"}]}]}},"_links":{"self":[{"href":"https:\/\/arisnature.com\/it\/wp-json\/wp\/v2\/product\/220\/"}],"collection":[{"href":"https:\/\/arisnature.com\/it\/wp-json\/wp\/v2\/product\/"}],"about":[{"href":"https:\/\/arisnature.com\/it\/wp-json\/wp\/v2\/types\/product\/"}],"replies":[{"embeddable":true,"href":"https:\/\/arisnature.com\/it\/wp-json\/wp\/v2\/comments\/?post=220"}],"wp:featuredmedia":[{"embeddable":true,"href":"https:\/\/arisnature.com\/it\/wp-json\/wp\/v2\/media\/621\/"}],"wp:attachment":[{"href":"https:\/\/arisnature.com\/it\/wp-json\/wp\/v2\/media\/?parent=220"}],"wp:term":[{"taxonomy":"product_cat","embeddable":true,"href":"https:\/\/arisnature.com\/it\/wp-json\/wp\/v2\/product_cat\/?post=220"},{"taxonomy":"product_tag","embeddable":true,"href":"https:\/\/arisnature.com\/it\/wp-json\/wp\/v2\/product_tag\/?post=220"}],"curies":[{"name":"wp","href":"https:\/\/api.w.org\/{rel}","templated":true}]}}